{"id":655,"date":"2022-04-02T14:39:39","date_gmt":"2022-04-02T14:39:39","guid":{"rendered":"https:\/\/pst.events\/?page_id=655"},"modified":"2026-01-21T14:18:34","modified_gmt":"2026-01-21T14:18:34","slug":"mittelaltermarkt-2","status":"publish","type":"page","link":"https:\/\/pst.events\/?page_id=655","title":{"rendered":"Mittelaltermarkt"},"content":{"rendered":"\n<p><strong>Jetzt anmelden f\u00fcr 2026 &#8211; <a href=\"https:\/\/pst.events\/wp-content\/uploads\/2026\/01\/Anmeldung_Mittelaltermarkt_2026-neutral.pdf\" target=\"_blank\" rel=\"noreferrer noopener\">Hier geht es zum Anmeldeformular!<\/a><\/strong><\/p>\n\n\n\n<p class=\"has-medium-font-size\"><strong>Mittelaltermarkt Kropp 2024<\/strong> &#8211; Es war einfach toll! Schaut selbst.<\/p>\n\n\n\n<figure class=\"wp-block-gallery has-nested-images columns-2 is-cropped wp-block-gallery-1 is-layout-flex wp-block-gallery-is-layout-flex\">\n<figure class=\"wp-block-image size-full\"><img loading=\"lazy\" decoding=\"async\" width=\"1200\" height=\"1599\" data-id=\"844\" src=\"https:\/\/pst.events\/wp-content\/uploads\/2025\/03\/IMG-20250119-WA0021.jpg\" alt=\"\" class=\"wp-image-844\" srcset=\"https:\/\/pst.events\/wp-content\/uploads\/2025\/03\/IMG-20250119-WA0021.jpg 1200w, https:\/\/pst.events\/wp-content\/uploads\/2025\/03\/IMG-20250119-WA0021-225x300.jpg 225w, https:\/\/pst.events\/wp-content\/uploads\/2025\/03\/IMG-20250119-WA0021-768x1023.jpg 768w, https:\/\/pst.events\/wp-content\/uploads\/2025\/03\/IMG-20250119-WA0021-1153x1536.jpg 1153w\" sizes=\"auto, (max-width: 1200px) 100vw, 1200px\" \/><\/figure>\n\n\n\n<figure class=\"wp-block-image size-full\"><img loading=\"lazy\" decoding=\"async\" width=\"2048\" height=\"1536\" data-id=\"854\" src=\"https:\/\/pst.events\/wp-content\/uploads\/2025\/03\/IMG-20250119-WA0030.jpg\" alt=\"\" class=\"wp-image-854\" srcset=\"https:\/\/pst.events\/wp-content\/uploads\/2025\/03\/IMG-20250119-WA0030.jpg 2048w, https:\/\/pst.events\/wp-content\/uploads\/2025\/03\/IMG-20250119-WA0030-300x225.jpg 300w, https:\/\/pst.events\/wp-content\/uploads\/2025\/03\/IMG-20250119-WA0030-1024x768.jpg 1024w, https:\/\/pst.events\/wp-content\/uploads\/2025\/03\/IMG-20250119-WA0030-768x576.jpg 768w, https:\/\/pst.events\/wp-content\/uploads\/2025\/03\/IMG-20250119-WA0030-1536x1152.jpg 1536w\" sizes=\"auto, (max-width: 2048px) 100vw, 2048px\" \/><\/figure>\n\n\n\n<figure class=\"wp-block-image size-full\"><img loading=\"lazy\" decoding=\"async\" width=\"2048\" height=\"1536\" data-id=\"848\" src=\"https:\/\/pst.events\/wp-content\/uploads\/2025\/03\/IMG-20250119-WA0031.jpg\" alt=\"\" class=\"wp-image-848\" srcset=\"https:\/\/pst.events\/wp-content\/uploads\/2025\/03\/IMG-20250119-WA0031.jpg 2048w, https:\/\/pst.events\/wp-content\/uploads\/2025\/03\/IMG-20250119-WA0031-300x225.jpg 300w, https:\/\/pst.events\/wp-content\/uploads\/2025\/03\/IMG-20250119-WA0031-1024x768.jpg 1024w, https:\/\/pst.events\/wp-content\/uploads\/2025\/03\/IMG-20250119-WA0031-768x576.jpg 768w, https:\/\/pst.events\/wp-content\/uploads\/2025\/03\/IMG-20250119-WA0031-1536x1152.jpg 1536w\" sizes=\"auto, (max-width: 2048px) 100vw, 2048px\" \/><\/figure>\n\n\n\n<figure class=\"wp-block-image size-full\"><img loading=\"lazy\" decoding=\"async\" width=\"2048\" height=\"1536\" data-id=\"857\" src=\"https:\/\/pst.events\/wp-content\/uploads\/2025\/03\/IMG-20250119-WA0032.jpg\" alt=\"\" class=\"wp-image-857\" srcset=\"https:\/\/pst.events\/wp-content\/uploads\/2025\/03\/IMG-20250119-WA0032.jpg 2048w, https:\/\/pst.events\/wp-content\/uploads\/2025\/03\/IMG-20250119-WA0032-300x225.jpg 300w, https:\/\/pst.events\/wp-content\/uploads\/2025\/03\/IMG-20250119-WA0032-1024x768.jpg 1024w, https:\/\/pst.events\/wp-content\/uploads\/2025\/03\/IMG-20250119-WA0032-768x576.jpg 768w, https:\/\/pst.events\/wp-content\/uploads\/2025\/03\/IMG-20250119-WA0032-1536x1152.jpg 1536w\" sizes=\"auto, (max-width: 2048px) 100vw, 2048px\" \/><\/figure>\n\n\n\n<figure class=\"wp-block-image size-full\"><img loading=\"lazy\" decoding=\"async\" width=\"2048\" height=\"1536\" data-id=\"861\" src=\"https:\/\/pst.events\/wp-content\/uploads\/2025\/03\/IMG-20250119-WA0033.jpg\" alt=\"\" class=\"wp-image-861\" srcset=\"https:\/\/pst.events\/wp-content\/uploads\/2025\/03\/IMG-20250119-WA0033.jpg 2048w, https:\/\/pst.events\/wp-content\/uploads\/2025\/03\/IMG-20250119-WA0033-300x225.jpg 300w, https:\/\/pst.events\/wp-content\/uploads\/2025\/03\/IMG-20250119-WA0033-1024x768.jpg 1024w, https:\/\/pst.events\/wp-content\/uploads\/2025\/03\/IMG-20250119-WA0033-768x576.jpg 768w, https:\/\/pst.events\/wp-content\/uploads\/2025\/03\/IMG-20250119-WA0033-1536x1152.jpg 1536w\" sizes=\"auto, (max-width: 2048px) 100vw, 2048px\" \/><\/figure>\n\n\n\n<figure class=\"wp-block-image size-full\"><img loading=\"lazy\" decoding=\"async\" width=\"2048\" height=\"1536\" data-id=\"846\" src=\"https:\/\/pst.events\/wp-content\/uploads\/2025\/03\/IMG-20250119-WA0034.jpg\" alt=\"\" class=\"wp-image-846\" srcset=\"https:\/\/pst.events\/wp-content\/uploads\/2025\/03\/IMG-20250119-WA0034.jpg 2048w, https:\/\/pst.events\/wp-content\/uploads\/2025\/03\/IMG-20250119-WA0034-300x225.jpg 300w, https:\/\/pst.events\/wp-content\/uploads\/2025\/03\/IMG-20250119-WA0034-1024x768.jpg 1024w, https:\/\/pst.events\/wp-content\/uploads\/2025\/03\/IMG-20250119-WA0034-768x576.jpg 768w, https:\/\/pst.events\/wp-content\/uploads\/2025\/03\/IMG-20250119-WA0034-1536x1152.jpg 1536w\" sizes=\"auto, (max-width: 2048px) 100vw, 2048px\" \/><\/figure>\n\n\n\n<figure class=\"wp-block-image size-full\"><img loading=\"lazy\" decoding=\"async\" width=\"2048\" height=\"1536\" data-id=\"860\" src=\"https:\/\/pst.events\/wp-content\/uploads\/2025\/03\/IMG-20250119-WA0035.jpg\" alt=\"\" class=\"wp-image-860\" srcset=\"https:\/\/pst.events\/wp-content\/uploads\/2025\/03\/IMG-20250119-WA0035.jpg 2048w, https:\/\/pst.events\/wp-content\/uploads\/2025\/03\/IMG-20250119-WA0035-300x225.jpg 300w, https:\/\/pst.events\/wp-content\/uploads\/2025\/03\/IMG-20250119-WA0035-1024x768.jpg 1024w, https:\/\/pst.events\/wp-content\/uploads\/2025\/03\/IMG-20250119-WA0035-768x576.jpg 768w, https:\/\/pst.events\/wp-content\/uploads\/2025\/03\/IMG-20250119-WA0035-1536x1152.jpg 1536w\" sizes=\"auto, (max-width: 2048px) 100vw, 2048px\" \/><\/figure>\n\n\n\n<figure class=\"wp-block-image size-full\"><img loading=\"lazy\" decoding=\"async\" width=\"2048\" height=\"1536\" data-id=\"847\" src=\"https:\/\/pst.events\/wp-content\/uploads\/2025\/03\/IMG-20250119-WA0036.jpg\" alt=\"\" class=\"wp-image-847\" srcset=\"https:\/\/pst.events\/wp-content\/uploads\/2025\/03\/IMG-20250119-WA0036.jpg 2048w, https:\/\/pst.events\/wp-content\/uploads\/2025\/03\/IMG-20250119-WA0036-300x225.jpg 300w, https:\/\/pst.events\/wp-content\/uploads\/2025\/03\/IMG-20250119-WA0036-1024x768.jpg 1024w, https:\/\/pst.events\/wp-content\/uploads\/2025\/03\/IMG-20250119-WA0036-768x576.jpg 768w, https:\/\/pst.events\/wp-content\/uploads\/2025\/03\/IMG-20250119-WA0036-1536x1152.jpg 1536w\" sizes=\"auto, (max-width: 2048px) 100vw, 2048px\" \/><\/figure>\n\n\n\n<figure class=\"wp-block-image size-full\"><img loading=\"lazy\" decoding=\"async\" width=\"2048\" height=\"1536\" data-id=\"852\" src=\"https:\/\/pst.events\/wp-content\/uploads\/2025\/03\/IMG-20250119-WA0037.jpg\" alt=\"\" class=\"wp-image-852\" srcset=\"https:\/\/pst.events\/wp-content\/uploads\/2025\/03\/IMG-20250119-WA0037.jpg 2048w, https:\/\/pst.events\/wp-content\/uploads\/2025\/03\/IMG-20250119-WA0037-300x225.jpg 300w, https:\/\/pst.events\/wp-content\/uploads\/2025\/03\/IMG-20250119-WA0037-1024x768.jpg 1024w, https:\/\/pst.events\/wp-content\/uploads\/2025\/03\/IMG-20250119-WA0037-768x576.jpg 768w, https:\/\/pst.events\/wp-content\/uploads\/2025\/03\/IMG-20250119-WA0037-1536x1152.jpg 1536w\" sizes=\"auto, (max-width: 2048px) 100vw, 2048px\" \/><\/figure>\n\n\n\n<figure class=\"wp-block-image size-full\"><img loading=\"lazy\" decoding=\"async\" width=\"2048\" height=\"1536\" data-id=\"853\" src=\"https:\/\/pst.events\/wp-content\/uploads\/2025\/03\/IMG-20250119-WA0038.jpg\" alt=\"\" class=\"wp-image-853\" srcset=\"https:\/\/pst.events\/wp-content\/uploads\/2025\/03\/IMG-20250119-WA0038.jpg 2048w, https:\/\/pst.events\/wp-content\/uploads\/2025\/03\/IMG-20250119-WA0038-300x225.jpg 300w, https:\/\/pst.events\/wp-content\/uploads\/2025\/03\/IMG-20250119-WA0038-1024x768.jpg 1024w, https:\/\/pst.events\/wp-content\/uploads\/2025\/03\/IMG-20250119-WA0038-768x576.jpg 768w, https:\/\/pst.events\/wp-content\/uploads\/2025\/03\/IMG-20250119-WA0038-1536x1152.jpg 1536w\" sizes=\"auto, (max-width: 2048px) 100vw, 2048px\" \/><\/figure>\n\n\n\n<figure class=\"wp-block-image size-full\"><img loading=\"lazy\" decoding=\"async\" width=\"2048\" height=\"1536\" data-id=\"851\" src=\"https:\/\/pst.events\/wp-content\/uploads\/2025\/03\/IMG-20250119-WA0039.jpg\" alt=\"\" class=\"wp-image-851\" srcset=\"https:\/\/pst.events\/wp-content\/uploads\/2025\/03\/IMG-20250119-WA0039.jpg 2048w, https:\/\/pst.events\/wp-content\/uploads\/2025\/03\/IMG-20250119-WA0039-300x225.jpg 300w, https:\/\/pst.events\/wp-content\/uploads\/2025\/03\/IMG-20250119-WA0039-1024x768.jpg 1024w, https:\/\/pst.events\/wp-content\/uploads\/2025\/03\/IMG-20250119-WA0039-768x576.jpg 768w, https:\/\/pst.events\/wp-content\/uploads\/2025\/03\/IMG-20250119-WA0039-1536x1152.jpg 1536w\" sizes=\"auto, (max-width: 2048px) 100vw, 2048px\" \/><\/figure>\n\n\n\n<figure class=\"wp-block-image size-full\"><img loading=\"lazy\" decoding=\"async\" width=\"2048\" height=\"1536\" data-id=\"855\" src=\"https:\/\/pst.events\/wp-content\/uploads\/2025\/03\/IMG-20250119-WA0040.jpg\" alt=\"\" class=\"wp-image-855\" srcset=\"https:\/\/pst.events\/wp-content\/uploads\/2025\/03\/IMG-20250119-WA0040.jpg 2048w, https:\/\/pst.events\/wp-content\/uploads\/2025\/03\/IMG-20250119-WA0040-300x225.jpg 300w, https:\/\/pst.events\/wp-content\/uploads\/2025\/03\/IMG-20250119-WA0040-1024x768.jpg 1024w, https:\/\/pst.events\/wp-content\/uploads\/2025\/03\/IMG-20250119-WA0040-768x576.jpg 768w, https:\/\/pst.events\/wp-content\/uploads\/2025\/03\/IMG-20250119-WA0040-1536x1152.jpg 1536w\" sizes=\"auto, (max-width: 2048px) 100vw, 2048px\" \/><\/figure>\n\n\n\n<figure class=\"wp-block-image size-full\"><img loading=\"lazy\" decoding=\"async\" width=\"2048\" height=\"1536\" data-id=\"858\" src=\"https:\/\/pst.events\/wp-content\/uploads\/2025\/03\/IMG-20250119-WA0041.jpg\" alt=\"\" class=\"wp-image-858\" srcset=\"https:\/\/pst.events\/wp-content\/uploads\/2025\/03\/IMG-20250119-WA0041.jpg 2048w, https:\/\/pst.events\/wp-content\/uploads\/2025\/03\/IMG-20250119-WA0041-300x225.jpg 300w, https:\/\/pst.events\/wp-content\/uploads\/2025\/03\/IMG-20250119-WA0041-1024x768.jpg 1024w, https:\/\/pst.events\/wp-content\/uploads\/2025\/03\/IMG-20250119-WA0041-768x576.jpg 768w, https:\/\/pst.events\/wp-content\/uploads\/2025\/03\/IMG-20250119-WA0041-1536x1152.jpg 1536w\" sizes=\"auto, (max-width: 2048px) 100vw, 2048px\" \/><\/figure>\n\n\n\n<figure class=\"wp-block-image size-full\"><img loading=\"lazy\" decoding=\"async\" width=\"2048\" height=\"1536\" data-id=\"856\" src=\"https:\/\/pst.events\/wp-content\/uploads\/2025\/03\/IMG-20250119-WA0042.jpg\" alt=\"\" class=\"wp-image-856\" srcset=\"https:\/\/pst.events\/wp-content\/uploads\/2025\/03\/IMG-20250119-WA0042.jpg 2048w, https:\/\/pst.events\/wp-content\/uploads\/2025\/03\/IMG-20250119-WA0042-300x225.jpg 300w, https:\/\/pst.events\/wp-content\/uploads\/2025\/03\/IMG-20250119-WA0042-1024x768.jpg 1024w, https:\/\/pst.events\/wp-content\/uploads\/2025\/03\/IMG-20250119-WA0042-768x576.jpg 768w, https:\/\/pst.events\/wp-content\/uploads\/2025\/03\/IMG-20250119-WA0042-1536x1152.jpg 1536w\" sizes=\"auto, (max-width: 2048px) 100vw, 2048px\" \/><\/figure>\n\n\n\n<figure class=\"wp-block-image size-full\"><img loading=\"lazy\" decoding=\"async\" width=\"2048\" height=\"1536\" data-id=\"849\" src=\"https:\/\/pst.events\/wp-content\/uploads\/2025\/03\/IMG-20250119-WA0043.jpg\" alt=\"\" class=\"wp-image-849\" srcset=\"https:\/\/pst.events\/wp-content\/uploads\/2025\/03\/IMG-20250119-WA0043.jpg 2048w, https:\/\/pst.events\/wp-content\/uploads\/2025\/03\/IMG-20250119-WA0043-300x225.jpg 300w, https:\/\/pst.events\/wp-content\/uploads\/2025\/03\/IMG-20250119-WA0043-1024x768.jpg 1024w, https:\/\/pst.events\/wp-content\/uploads\/2025\/03\/IMG-20250119-WA0043-768x576.jpg 768w, https:\/\/pst.events\/wp-content\/uploads\/2025\/03\/IMG-20250119-WA0043-1536x1152.jpg 1536w\" sizes=\"auto, (max-width: 2048px) 100vw, 2048px\" \/><\/figure>\n\n\n\n<figure class=\"wp-block-image size-full\"><img loading=\"lazy\" decoding=\"async\" width=\"2048\" height=\"1536\" data-id=\"862\" src=\"https:\/\/pst.events\/wp-content\/uploads\/2025\/03\/IMG-20250119-WA0044.jpg\" alt=\"\" class=\"wp-image-862\" srcset=\"https:\/\/pst.events\/wp-content\/uploads\/2025\/03\/IMG-20250119-WA0044.jpg 2048w, https:\/\/pst.events\/wp-content\/uploads\/2025\/03\/IMG-20250119-WA0044-300x225.jpg 300w, https:\/\/pst.events\/wp-content\/uploads\/2025\/03\/IMG-20250119-WA0044-1024x768.jpg 1024w, https:\/\/pst.events\/wp-content\/uploads\/2025\/03\/IMG-20250119-WA0044-768x576.jpg 768w, https:\/\/pst.events\/wp-content\/uploads\/2025\/03\/IMG-20250119-WA0044-1536x1152.jpg 1536w\" sizes=\"auto, (max-width: 2048px) 100vw, 2048px\" \/><\/figure>\n\n\n\n<figure class=\"wp-block-image size-full\"><img loading=\"lazy\" decoding=\"async\" width=\"2048\" height=\"1536\" data-id=\"850\" src=\"https:\/\/pst.events\/wp-content\/uploads\/2025\/03\/IMG-20250119-WA0045.jpg\" alt=\"\" class=\"wp-image-850\" srcset=\"https:\/\/pst.events\/wp-content\/uploads\/2025\/03\/IMG-20250119-WA0045.jpg 2048w, https:\/\/pst.events\/wp-content\/uploads\/2025\/03\/IMG-20250119-WA0045-300x225.jpg 300w, https:\/\/pst.events\/wp-content\/uploads\/2025\/03\/IMG-20250119-WA0045-1024x768.jpg 1024w, https:\/\/pst.events\/wp-content\/uploads\/2025\/03\/IMG-20250119-WA0045-768x576.jpg 768w, https:\/\/pst.events\/wp-content\/uploads\/2025\/03\/IMG-20250119-WA0045-1536x1152.jpg 1536w\" sizes=\"auto, (max-width: 2048px) 100vw, 2048px\" \/><\/figure>\n\n\n\n<figure class=\"wp-block-image size-full\"><img loading=\"lazy\" decoding=\"async\" width=\"2048\" height=\"1536\" data-id=\"845\" src=\"https:\/\/pst.events\/wp-content\/uploads\/2025\/03\/IMG-20250119-WA0046.jpg\" alt=\"\" class=\"wp-image-845\" srcset=\"https:\/\/pst.events\/wp-content\/uploads\/2025\/03\/IMG-20250119-WA0046.jpg 2048w, https:\/\/pst.events\/wp-content\/uploads\/2025\/03\/IMG-20250119-WA0046-300x225.jpg 300w, https:\/\/pst.events\/wp-content\/uploads\/2025\/03\/IMG-20250119-WA0046-1024x768.jpg 1024w, https:\/\/pst.events\/wp-content\/uploads\/2025\/03\/IMG-20250119-WA0046-768x576.jpg 768w, https:\/\/pst.events\/wp-content\/uploads\/2025\/03\/IMG-20250119-WA0046-1536x1152.jpg 1536w\" sizes=\"auto, (max-width: 2048px) 100vw, 2048px\" \/><\/figure>\n\n\n\n<figure class=\"wp-block-image size-full\"><img loading=\"lazy\" decoding=\"async\" width=\"2048\" height=\"1536\" data-id=\"859\" src=\"https:\/\/pst.events\/wp-content\/uploads\/2025\/03\/IMG-20250119-WA0047.jpg\" alt=\"\" class=\"wp-image-859\" srcset=\"https:\/\/pst.events\/wp-content\/uploads\/2025\/03\/IMG-20250119-WA0047.jpg 2048w, https:\/\/pst.events\/wp-content\/uploads\/2025\/03\/IMG-20250119-WA0047-300x225.jpg 300w, https:\/\/pst.events\/wp-content\/uploads\/2025\/03\/IMG-20250119-WA0047-1024x768.jpg 1024w, https:\/\/pst.events\/wp-content\/uploads\/2025\/03\/IMG-20250119-WA0047-768x576.jpg 768w, https:\/\/pst.events\/wp-content\/uploads\/2025\/03\/IMG-20250119-WA0047-1536x1152.jpg 1536w\" sizes=\"auto, (max-width: 2048px) 100vw, 2048px\" \/><\/figure>\n\n\n\n<figure class=\"wp-block-image size-full\"><img loading=\"lazy\" decoding=\"async\" width=\"2048\" height=\"1536\" data-id=\"863\" src=\"https:\/\/pst.events\/wp-content\/uploads\/2025\/03\/IMG-20250119-WA0048.jpg\" alt=\"\" class=\"wp-image-863\" srcset=\"https:\/\/pst.events\/wp-content\/uploads\/2025\/03\/IMG-20250119-WA0048.jpg 2048w, https:\/\/pst.events\/wp-content\/uploads\/2025\/03\/IMG-20250119-WA0048-300x225.jpg 300w, https:\/\/pst.events\/wp-content\/uploads\/2025\/03\/IMG-20250119-WA0048-1024x768.jpg 1024w, https:\/\/pst.events\/wp-content\/uploads\/2025\/03\/IMG-20250119-WA0048-768x576.jpg 768w, https:\/\/pst.events\/wp-content\/uploads\/2025\/03\/IMG-20250119-WA0048-1536x1152.jpg 1536w\" sizes=\"auto, (max-width: 2048px) 100vw, 2048px\" \/><\/figure>\n\n\n\n<figure class=\"wp-block-image size-full\"><img loading=\"lazy\" decoding=\"async\" width=\"2048\" height=\"1536\" data-id=\"864\" src=\"https:\/\/pst.events\/wp-content\/uploads\/2025\/03\/IMG-20250119-WA0049.jpg\" alt=\"\" class=\"wp-image-864\" srcset=\"https:\/\/pst.events\/wp-content\/uploads\/2025\/03\/IMG-20250119-WA0049.jpg 2048w, https:\/\/pst.events\/wp-content\/uploads\/2025\/03\/IMG-20250119-WA0049-300x225.jpg 300w, https:\/\/pst.events\/wp-content\/uploads\/2025\/03\/IMG-20250119-WA0049-1024x768.jpg 1024w, https:\/\/pst.events\/wp-content\/uploads\/2025\/03\/IMG-20250119-WA0049-768x576.jpg 768w, https:\/\/pst.events\/wp-content\/uploads\/2025\/03\/IMG-20250119-WA0049-1536x1152.jpg 1536w\" sizes=\"auto, (max-width: 2048px) 100vw, 2048px\" \/><\/figure>\n<\/figure>\n\n\n\n<p><\/p>\n\n\n\n<figure class=\"wp-block-gallery has-nested-images columns-2 is-cropped wp-block-gallery-2 is-layout-flex wp-block-gallery-is-layout-flex\">\n<figure class=\"wp-block-image size-full\"><img loading=\"lazy\" decoding=\"async\" width=\"2048\" height=\"1536\" data-id=\"839\" src=\"https:\/\/pst.events\/wp-content\/uploads\/2025\/03\/IMG-20250119-WA0022.jpg\" alt=\"\" class=\"wp-image-839\" srcset=\"https:\/\/pst.events\/wp-content\/uploads\/2025\/03\/IMG-20250119-WA0022.jpg 2048w, https:\/\/pst.events\/wp-content\/uploads\/2025\/03\/IMG-20250119-WA0022-300x225.jpg 300w, https:\/\/pst.events\/wp-content\/uploads\/2025\/03\/IMG-20250119-WA0022-1024x768.jpg 1024w, https:\/\/pst.events\/wp-content\/uploads\/2025\/03\/IMG-20250119-WA0022-768x576.jpg 768w, https:\/\/pst.events\/wp-content\/uploads\/2025\/03\/IMG-20250119-WA0022-1536x1152.jpg 1536w\" sizes=\"auto, (max-width: 2048px) 100vw, 2048px\" \/><\/figure>\n\n\n\n<figure class=\"wp-block-image size-full\"><img loading=\"lazy\" decoding=\"async\" width=\"2048\" height=\"1536\" data-id=\"837\" src=\"https:\/\/pst.events\/wp-content\/uploads\/2025\/03\/IMG-20250119-WA0023.jpg\" alt=\"\" class=\"wp-image-837\" srcset=\"https:\/\/pst.events\/wp-content\/uploads\/2025\/03\/IMG-20250119-WA0023.jpg 2048w, https:\/\/pst.events\/wp-content\/uploads\/2025\/03\/IMG-20250119-WA0023-300x225.jpg 300w, https:\/\/pst.events\/wp-content\/uploads\/2025\/03\/IMG-20250119-WA0023-1024x768.jpg 1024w, https:\/\/pst.events\/wp-content\/uploads\/2025\/03\/IMG-20250119-WA0023-768x576.jpg 768w, https:\/\/pst.events\/wp-content\/uploads\/2025\/03\/IMG-20250119-WA0023-1536x1152.jpg 1536w\" sizes=\"auto, (max-width: 2048px) 100vw, 2048px\" \/><\/figure>\n\n\n\n<figure class=\"wp-block-image size-full\"><img loading=\"lazy\" decoding=\"async\" width=\"2048\" height=\"1536\" data-id=\"838\" src=\"https:\/\/pst.events\/wp-content\/uploads\/2025\/03\/IMG-20250119-WA0024.jpg\" alt=\"\" class=\"wp-image-838\" srcset=\"https:\/\/pst.events\/wp-content\/uploads\/2025\/03\/IMG-20250119-WA0024.jpg 2048w, https:\/\/pst.events\/wp-content\/uploads\/2025\/03\/IMG-20250119-WA0024-300x225.jpg 300w, https:\/\/pst.events\/wp-content\/uploads\/2025\/03\/IMG-20250119-WA0024-1024x768.jpg 1024w, https:\/\/pst.events\/wp-content\/uploads\/2025\/03\/IMG-20250119-WA0024-768x576.jpg 768w, https:\/\/pst.events\/wp-content\/uploads\/2025\/03\/IMG-20250119-WA0024-1536x1152.jpg 1536w\" sizes=\"auto, (max-width: 2048px) 100vw, 2048px\" \/><\/figure>\n\n\n\n<figure class=\"wp-block-image size-full\"><img loading=\"lazy\" decoding=\"async\" width=\"2048\" height=\"1536\" data-id=\"842\" src=\"https:\/\/pst.events\/wp-content\/uploads\/2025\/03\/IMG-20250119-WA0026.jpg\" alt=\"\" class=\"wp-image-842\" srcset=\"https:\/\/pst.events\/wp-content\/uploads\/2025\/03\/IMG-20250119-WA0026.jpg 2048w, https:\/\/pst.events\/wp-content\/uploads\/2025\/03\/IMG-20250119-WA0026-300x225.jpg 300w, https:\/\/pst.events\/wp-content\/uploads\/2025\/03\/IMG-20250119-WA0026-1024x768.jpg 1024w, https:\/\/pst.events\/wp-content\/uploads\/2025\/03\/IMG-20250119-WA0026-768x576.jpg 768w, https:\/\/pst.events\/wp-content\/uploads\/2025\/03\/IMG-20250119-WA0026-1536x1152.jpg 1536w\" sizes=\"auto, (max-width: 2048px) 100vw, 2048px\" \/><\/figure>\n\n\n\n<figure class=\"wp-block-image size-full\"><img loading=\"lazy\" decoding=\"async\" width=\"2048\" height=\"1536\" data-id=\"840\" src=\"https:\/\/pst.events\/wp-content\/uploads\/2025\/03\/IMG-20250119-WA0027.jpg\" alt=\"\" class=\"wp-image-840\" srcset=\"https:\/\/pst.events\/wp-content\/uploads\/2025\/03\/IMG-20250119-WA0027.jpg 2048w, https:\/\/pst.events\/wp-content\/uploads\/2025\/03\/IMG-20250119-WA0027-300x225.jpg 300w, https:\/\/pst.events\/wp-content\/uploads\/2025\/03\/IMG-20250119-WA0027-1024x768.jpg 1024w, https:\/\/pst.events\/wp-content\/uploads\/2025\/03\/IMG-20250119-WA0027-768x576.jpg 768w, https:\/\/pst.events\/wp-content\/uploads\/2025\/03\/IMG-20250119-WA0027-1536x1152.jpg 1536w\" sizes=\"auto, (max-width: 2048px) 100vw, 2048px\" \/><\/figure>\n\n\n\n<figure class=\"wp-block-image size-full\"><img loading=\"lazy\" decoding=\"async\" width=\"1536\" height=\"2048\" data-id=\"841\" src=\"https:\/\/pst.events\/wp-content\/uploads\/2025\/03\/IMG-20250119-WA0028.jpg\" alt=\"\" class=\"wp-image-841\" srcset=\"https:\/\/pst.events\/wp-content\/uploads\/2025\/03\/IMG-20250119-WA0028.jpg 1536w, https:\/\/pst.events\/wp-content\/uploads\/2025\/03\/IMG-20250119-WA0028-225x300.jpg 225w, https:\/\/pst.events\/wp-content\/uploads\/2025\/03\/IMG-20250119-WA0028-768x1024.jpg 768w, https:\/\/pst.events\/wp-content\/uploads\/2025\/03\/IMG-20250119-WA0028-1152x1536.jpg 1152w\" sizes=\"auto, (max-width: 1536px) 100vw, 1536px\" \/><\/figure>\n<\/figure>\n\n\n\n<p><strong>Mit besten Gr\u00fc\u00dfen<br>Kim St\u00fchmer und Ingo Paulsen<\/strong><\/p>\n","protected":false},"excerpt":{"rendered":"<p>Jetzt anmelden f\u00fcr 2026 &#8211; Hier geht es zum Anmeldeformular! Mittelaltermarkt Kropp 2024 &#8211; Es war einfach toll! Schaut selbst. Mit besten Gr\u00fc\u00dfenKim St\u00fchmer und Ingo Paulsen<\/p>\n","protected":false},"author":1,"featured_media":0,"parent":0,"menu_order":0,"comment_status":"closed","ping_status":"closed","template":"","meta":{"footnotes":""},"class_list":["post-655","page","type-page","status-publish","hentry"],"_links":{"self":[{"href":"https:\/\/pst.events\/index.php?rest_route=\/wp\/v2\/pages\/655","targetHints":{"allow":["GET"]}}],"collection":[{"href":"https:\/\/pst.events\/index.php?rest_route=\/wp\/v2\/pages"}],"about":[{"href":"https:\/\/pst.events\/index.php?rest_route=\/wp\/v2\/types\/page"}],"author":[{"embeddable":true,"href":"https:\/\/pst.events\/index.php?rest_route=\/wp\/v2\/users\/1"}],"replies":[{"embeddable":true,"href":"https:\/\/pst.events\/index.php?rest_route=%2Fwp%2Fv2%2Fcomments&post=655"}],"version-history":[{"count":14,"href":"https:\/\/pst.events\/index.php?rest_route=\/wp\/v2\/pages\/655\/revisions"}],"predecessor-version":[{"id":946,"href":"https:\/\/pst.events\/index.php?rest_route=\/wp\/v2\/pages\/655\/revisions\/946"}],"wp:attachment":[{"href":"https:\/\/pst.events\/index.php?rest_route=%2Fwp%2Fv2%2Fmedia&parent=655"}],"curies":[{"name":"wp","href":"https:\/\/api.w.org\/{rel}","templated":true}]}}